{"id":13591,"date":"2022-03-22T00:40:52","date_gmt":"2022-03-21T22:40:52","guid":{"rendered":"https:\/\/tractorgps.gr\/product\/drone-xag-v40\/"},"modified":"2022-03-22T00:40:52","modified_gmt":"2022-03-21T22:40:52","slug":"drone-xag-v40","status":"publish","type":"product","link":"https:\/\/tractorgps.gr\/en\/product\/drone-xag-v40\/","title":{"rendered":"Drone XAG V40"},"content":{"rendered":"<p> The XAG V40 Spray Drone is a revolutionary rural unmanned dual-propeller drone that changes data with improved flight efficiency and power consumption. <\/p>\n<p>Utilizing the laws of aerodynamics, the XAG V40 drone can utilize downstream propellers to 100% to help spray droplets penetrate the entire leaf surface and trunk of plants. The penetration of the droplets is doubled compared to conventional drone sprayers. This means that XAG V40 technology minimizes spray drift and reduces overlays \/ gaps, providing even spray. <\/p>\n<p> Additionally, the XAG V40 supports RealTerra, RevoSpray, and RevoCast system technologies, with which users can use the same drone, in addition to spraying, to produce high-definition maps, fertilize or sow using fewer inputs. \/ p><\/p>\n<p> In terms of injection, with a 20kg tank capacity and a working width of up to 10 meters, the XAG V40 can handle sprays with productivity of up to 160 rpm. This level of productivity exceeds competing drones of the same capacity. <\/p>\n<p> XAG V40 Features: <\/p>\n<ul>\n<li> Adjustable tilt double propeller system, designed for agricultural use <\/li>\n<li> New generation SuperX4 Intelligent Flight Control Flight Management Technology <\/li>\n<li> Multifunctional design for Spraying \/ Lubrication \/ Mapping <\/li>\n<li> Multidirectional Radar: Accurate perception and obstacle avoidance <\/li>\n<li> RTK navigation accuracy, for precise fully autonomous flight and 5G support <\/li>\n<li> Constant downstream currents through the double coils increase the penetration of the spray into the crop <\/li>\n<li> High efficiency 10L \/ min Peristaltic Pump and centrifugal spray nozzles <\/li>\n<li> Double-helix Design: more concentrated downstream currents, higher energy and kinetic flexibility <\/li>\n<li> Modular architecture, allows the arms to be folded reducing the total volume of the machine to 1\/3 <\/li>\n<li> Advanced 962Wh lithium polymer battery technology with intelligent power management software for maximum efficiency and fast charging via the GC4000 + Auto SuperCharge Station in just 11 minutes <\/li>\n<li> IP67 Protection <\/li>\n<\/ul>\n","protected":false},"excerpt":{"rendered":"<p>To Drone psekasmo\u00fa XAG V40 e\u00ednai \u00e9na epanastatik\u00f3 agrotik\u00f3 mi epandrom\u00e9no drone diplo\u00fa \u00e9lika pou all\u00e1zei ta dedom\u00e9na me veltiom\u00e9ni ap\u00f3dosi pt\u00edsis kai katan\u00e1losis en\u00e9rgeias.<\/p>\n<p>Axiopoi\u00f3ntas tous n\u00f3mous tis aerodynamik\u00eds, to drone XAG V40 bore\u00ed na chrisimopoi\u00edsei ta kathodik\u00e1 r\u00e9vmata ton elik\u00f3n sto 100% \u00f3ste na voith\u00edsei ta stagon\u00eddia tou psekasmo\u00fa na dieisd\u00fdsoun se \u00f3li tin fyllik\u00ed epif\u00e1neia kai ton korm\u00f3 ton fyt\u00f3n. I die\u00edsdysi ton stagonid\u00edon afx\u00e1netai sto dipl\u00e1sio se s\u00fdnkrisi me ta synithism\u00e9na psekastik\u00e1 drone. Aft\u00f3 sima\u00ednei \u00f3ti i technolog\u00eda tou XAG V40 elachistopoie\u00ed to spray drift kai mei\u00f3nei tis epikal\u00fdpseis\/ken\u00e1, prosf\u00e9rontas omoi\u00f3morfo psekasm\u00f3 .<\/p>\n<p>Epipr\u00f3stheta, to XAG V40 ypostir\u00edzei tis technolog\u00edes RealTerra, RevoSpray, kai RevoCast system, me tis opo\u00edes oi chr\u00edstes boro\u00fan chrisimopoi\u00f3ntas to \u00eddio drone, p\u00e9ran tou psekasmo\u00fa na par\u00e1goun ypsil\u00eds efkr\u00edneias ch\u00e1rtes, na k\u00e1noun l\u00edpansi \u00ed spor\u00e1 k\u00e1nontas chr\u00edsi lig\u00f3teron eisro\u00f3n.<\/p>\n<p>\u00d3son afor\u00e1 ton psekasm\u00f3, me 20kg choritik\u00f3tita dexamen\u00eds kai pl\u00e1tos ergas\u00edas to opo\u00edo ft\u00e1nei ta 10 m\u00e9tra, to XAG V40 bore\u00ed na diekpaire\u00f3sei psekasmo\u00fas me paragogik\u00f3tita pou ang\u00edzei ta 160 str.\/\u00f3ra. Aft\u00f3 to ep\u00edpedo paragogik\u00f3titas xepern\u00e1 ta antagonistik\u00e1 drone \u00eddias choritik\u00f3titas.<\/p>\n<p>Charaktiristik\u00e1 XAG V40:<\/p>\n<ul>\n<li>S\u00fdstima diplo\u00fa \u00e9lika rythmiz\u00f3menis kl\u00edsis, schediasm\u00e9mo gia agrotik\u00ed chr\u00edsi<\/li>\n<li>Technolog\u00eda Diache\u00edrisis Pt\u00edsis n\u00e9as geni\u00e1s SuperX4 Intelligent Flight Control<\/li>\n<li>Polyleitourgik\u00f3s schediasm\u00f3s gia Psekasm\u00f3\/L\u00edpansi\/Chartogr\u00e1fisi<\/li>\n<li>Radar Pollapl\u00f3n Katefth\u00fdnseon: Akriv\u00eds ant\u00edlipsi kai apofyg\u00ed empod\u00edon<\/li>\n<li>Akr\u00edveia plo\u00edgisis RTK, gia akriv\u00ed pl\u00edros aft\u00f3nomi pt\u00edsi kai ypost\u00edrixi 5G<\/li>\n<li>Stather\u00e1 Kathodik\u00e1 r\u00e9vmata m\u00e9so ton dipl\u00f3n elikon afx\u00e1noun ti die\u00edsdysi tou psekasmo\u00fa stin kalli\u00e9rgeia<\/li>\n<li>Peristaltik\u00ed Antl\u00eda ypsil\u00eds ap\u00f3dosis 10L\/min kai akrof\u00fdsia fygokentriko\u00fa psekasmo\u00fa<\/li>\n<li>Epastatik\u00f3s Schediasm\u00f3s diplo\u00fa \u00e9lika: pio synkentrom\u00e9na kathodik\u00e1 r\u00e9vmata, ypsil\u00f3teri energeiak\u00ed kai kinitik\u00ed evelix\u00eda<\/li>\n<li>Modular architektonik\u00ed, epitr\u00e9pei tin anad\u00edplosi ton vrachi\u00f3non mei\u00f3nontas ton synolik\u00f3 \u00f3nko tou michan\u00edmatos sto 1\/3<\/li>\n<li>Proigm\u00e9ni technolog\u00eda batar\u00edas polymer\u00f3n lith\u00edou, choritik\u00f3titas 962Wh me \u00e9xypno logismik\u00f3 diache\u00edrisis en\u00e9rgeias gia m\u00e9gisti apodotik\u00f3tita kai tache\u00eda f\u00f3rtisi m\u00e9so tou syst\u00edmatos GC4000+ Auto SuperCharge Station se m\u00f3lis 11 lept\u00e1<\/li>\n<li>IP67 Prostas\u00eda<\/li>\n<\/ul>\n<p>Show more<br \/>\n2,383 \/ 5,000<br \/>\nTranslation results<\/p>\n<p> The XAG V40 Spray Drone is a revolutionary rural unmanned dual-propeller drone that changes data with improved flight efficiency and power consumption. <\/p>\n","protected":false},"featured_media":11765,"template":"","meta":[],"product_cat":[234],"product_tag":[],"_links":{"self":[{"href":"https:\/\/tractorgps.gr\/en\/wp-json\/wp\/v2\/product\/13591"}],"collection":[{"href":"https:\/\/tractorgps.gr\/en\/wp-json\/wp\/v2\/product"}],"about":[{"href":"https:\/\/tractorgps.gr\/en\/wp-json\/wp\/v2\/types\/product"}],"wp:featuredmedia":[{"embeddable":true,"href":"https:\/\/tractorgps.gr\/en\/wp-json\/wp\/v2\/media\/11765"}],"wp:attachment":[{"href":"https:\/\/tractorgps.gr\/en\/wp-json\/wp\/v2\/media?parent=13591"}],"wp:term":[{"taxonomy":"product_cat","embeddable":true,"href":"https:\/\/tractorgps.gr\/en\/wp-json\/wp\/v2\/product_cat?post=13591"},{"taxonomy":"product_tag","embeddable":true,"href":"https:\/\/tractorgps.gr\/en\/wp-json\/wp\/v2\/product_tag?post=13591"}],"curies":[{"name":"wp","href":"https:\/\/api.w.org\/{rel}","templated":true}]}}